{"id":94,"date":"2023-09-18T22:47:03","date_gmt":"2023-09-18T22:47:03","guid":{"rendered":"https:\/\/hebergeurssolidairesnantes.fr\/blog\/?page_id=94"},"modified":"2023-09-26T15:48:46","modified_gmt":"2023-09-26T15:48:46","slug":"qui-sommes-nous","status":"publish","type":"page","link":"https:\/\/hebergeurssolidairesnantes.fr\/blog\/qui-sommes-nous-2\/qui-sommes-nous\/","title":{"rendered":"Qui sommes-nous ?"},"content":{"rendered":"\n<div style=\"height:52px\" aria-hidden=\"true\" class=\"wp-block-spacer\"><\/div>\n\n\n\n<div class=\"wp-block-group alignfull has-background is-layout-flow wp-block-group-is-layout-flow\" style=\"background-color:#f5eac1;padding-top:6vw;padding-right:6vw;padding-bottom:6vw;padding-left:6vw\">\n<div class=\"wp-block-group alignwide is-vertical is-nowrap is-layout-flex wp-container-core-group-is-layout-1 wp-block-group-is-layout-flex\" style=\"padding-top:0;padding-right:0;padding-bottom:0;padding-left:0\">\n<div class=\"wp-block-columns alignwide is-layout-flex wp-container-core-columns-is-layout-1 wp-block-columns-is-layout-flex\">\n<div class=\"wp-block-column is-vertically-aligned-center is-layout-flow wp-block-column-is-layout-flow\" style=\"flex-basis:50%\">\n<h5 class=\"wp-block-heading\" style=\"font-size:clamp(0.984rem, 0.984rem + ((1vw - 0.2rem) * 0.938), 1.5rem);\">Un collectif de citoyen<strong>\u00b7<\/strong>NES EngagE<strong>\u00b7<\/strong>Es<\/h5>\n\n\n\n<p style=\"font-size:clamp(0.984rem, 0.984rem + ((1vw - 0.2rem) * 0.938), 1.5rem);\">Les H\u00e9bergeur\u00b7ses Solidaires de Nantes regroupent des femmes et des hommes se mobilisant pour l\u2019accueil et l&rsquo;h\u00e9bergement des MNA.<\/p>\n\n\n\n<p style=\"font-size:clamp(0.984rem, 0.984rem + ((1vw - 0.2rem) * 0.938), 1.5rem);\">Rassembl\u00e9<strong>\u00b7<\/strong>es en collectif afin de s&rsquo;organiser pour r\u00e9pondre \u00e0 une situation urgente de s\u00e9curit\u00e9 et besoin vital pour les jeunes laiss\u00e9<strong>\u00b7<\/strong>es \u00e0 la rue par l&rsquo;Etat.<\/p>\n<\/div>\n\n\n\n<div class=\"wp-block-column is-layout-flow wp-block-column-is-layout-flow\" style=\"flex-basis:50%\">\n<figure class=\"wp-block-image aligncenter size-full is-resized\"><img loading=\"lazy\" decoding=\"async\" src=\"https:\/\/hebergeurssolidairesnantes.fr\/blog\/wp-content\/uploads\/2023\/09\/66C126C1-6333-4CF4-9E16-CEF81595559B_d0edba.webp\" alt=\"\" class=\"wp-image-329\" width=\"670\" height=\"444\" \/><\/figure>\n<\/div>\n<\/div>\n\n\n\n<div class=\"wp-block-columns alignwide is-layout-flex wp-container-core-columns-is-layout-2 wp-block-columns-is-layout-flex\">\n<div class=\"wp-block-column is-layout-flow wp-block-column-is-layout-flow\" style=\"flex-basis:50%\">\n<figure class=\"wp-block-image aligncenter size-large is-resized\"><img loading=\"lazy\" decoding=\"async\" src=\"https:\/\/hebergeurssolidairesnantes.fr\/blog\/wp-content\/uploads\/2023\/09\/wylly-suhendra-Swk4G_xi_uM-unsplash-1024x684.jpg\" alt=\"\" class=\"wp-image-384\" width=\"504\" height=\"337\" srcset=\"https:\/\/hebergeurssolidairesnantes.fr\/blog\/wp-content\/uploads\/2023\/09\/wylly-suhendra-Swk4G_xi_uM-unsplash-1024x684.jpg 1024w, https:\/\/hebergeurssolidairesnantes.fr\/blog\/wp-content\/uploads\/2023\/09\/wylly-suhendra-Swk4G_xi_uM-unsplash-300x200.jpg 300w, https:\/\/hebergeurssolidairesnantes.fr\/blog\/wp-content\/uploads\/2023\/09\/wylly-suhendra-Swk4G_xi_uM-unsplash-768x513.jpg 768w, https:\/\/hebergeurssolidairesnantes.fr\/blog\/wp-content\/uploads\/2023\/09\/wylly-suhendra-Swk4G_xi_uM-unsplash-1536x1025.jpg 1536w, https:\/\/hebergeurssolidairesnantes.fr\/blog\/wp-content\/uploads\/2023\/09\/wylly-suhendra-Swk4G_xi_uM-unsplash-2048x1367.jpg 2048w\" sizes=\"(max-width: 504px) 100vw, 504px\" \/><\/figure>\n<\/div>\n\n\n\n<div class=\"wp-block-column is-vertically-aligned-center is-layout-flow wp-block-column-is-layout-flow\" style=\"flex-basis:50%\">\n<h5 class=\"wp-block-heading\" style=\"font-size:clamp(0.984rem, 0.984rem + ((1vw - 0.2rem) * 0.938), 1.5rem);\">Un R\u00c9SEAU D\u2019ASSOCIATIONS<\/h5>\n\n\n\n<p style=\"font-size:clamp(0.984rem, 0.984rem + ((1vw - 0.2rem) * 0.938), 1.5rem);\">Les H\u00e9bergeur\u00b7ses Solidaires de Nantes travaillent main dans la main avec de nombreuses associations qui portent les m\u00eames valeurs : Ecole Hors les Murs, la Cimade, TAMO (Cemea), RESF et bien d\u2019autres encore !<\/p>\n<\/div>\n<\/div>\n<\/div>\n\n\n\n<div style=\"height:125px\" aria-hidden=\"true\" class=\"wp-block-spacer\"><\/div>\n\n\n\n<h2 class=\"wp-block-heading\">Plaidoyer du collectif pour l&rsquo;h\u00e9bergement des mineur<strong>\u00b7<\/strong>es non accompagn\u00e9<strong>\u00b7<\/strong>es<\/h2>\n\n\n\n<p style=\"font-size:clamp(0.984rem, 0.984rem + ((1vw - 0.2rem) * 0.938), 1.5rem);\">Les membres de l\u2019association sont en train de r\u00e9diger notre plaidoyer. Ce document entend porter les valeurs des H\u00e9bergeur<strong>\u00b7<\/strong>ses Solidaires de Nantes aupr\u00e8s des pouvoirs publics, en d\u00e9veloppant une v\u00e9ritable strat\u00e9gie d\u2019influence, visant \u00e9galement \u00e0 amener la question de la prise en charge des mineur<strong>\u00b7<\/strong>es non accompagn\u00e9<strong>\u00b7<\/strong>es dans le d\u00e9bat public. L\u2019objectif de ce plaidoyer est donc de donner une r\u00e9sonnance aux valeurs humanistes que nous d\u00e9fendons : nous mettons \u00e0 l\u2019abri temporairement des mineur<strong>\u00b7<\/strong>es \u00e9tranger<strong>\u00b7<\/strong>es, \u00ab&nbsp;sans statut&nbsp;\u00bb, face au d\u00e9sengagement de l\u2019\u00c9tat quant \u00e0 la protection de ces enfants pr\u00e9sent<strong>\u00b7<\/strong>es sur le territoire.<\/p>\n\n\n\n<p style=\"font-size:clamp(0.984rem, 0.984rem + ((1vw - 0.2rem) * 0.938), 1.5rem);\">Pour plaider notre cause, nous nous appuyons sur une analyse du contexte r\u00e9gional et sur l\u2019ensemble des outils que nous mobilisons au quotidien.<\/p>\n\n\n\n<figure class=\"wp-block-image aligncenter size-large\"><img loading=\"lazy\" decoding=\"async\" width=\"1024\" height=\"683\" src=\"https:\/\/hebergeurssolidairesnantes.fr\/blog\/wp-content\/uploads\/2023\/09\/nicolas-rizzon-uPSB2JYAC_8-unsplash-min-2-1024x683.jpg\" alt=\"\" class=\"wp-image-386\" srcset=\"https:\/\/hebergeurssolidairesnantes.fr\/blog\/wp-content\/uploads\/2023\/09\/nicolas-rizzon-uPSB2JYAC_8-unsplash-min-2-1024x683.jpg 1024w, https:\/\/hebergeurssolidairesnantes.fr\/blog\/wp-content\/uploads\/2023\/09\/nicolas-rizzon-uPSB2JYAC_8-unsplash-min-2-300x200.jpg 300w, https:\/\/hebergeurssolidairesnantes.fr\/blog\/wp-content\/uploads\/2023\/09\/nicolas-rizzon-uPSB2JYAC_8-unsplash-min-2-768x512.jpg 768w, https:\/\/hebergeurssolidairesnantes.fr\/blog\/wp-content\/uploads\/2023\/09\/nicolas-rizzon-uPSB2JYAC_8-unsplash-min-2-1536x1024.jpg 1536w, https:\/\/hebergeurssolidairesnantes.fr\/blog\/wp-content\/uploads\/2023\/09\/nicolas-rizzon-uPSB2JYAC_8-unsplash-min-2-2048x1365.jpg 2048w\" sizes=\"(max-width: 1024px) 100vw, 1024px\" \/><\/figure>\n<\/div>\n","protected":false},"excerpt":{"rendered":"<p>Un collectif de citoyen\u00b7NES EngagE\u00b7Es Les H\u00e9bergeur\u00b7ses Solidaires de Nantes regroupent des femmes et des hommes se mobilisant pour l\u2019accueil et l&rsquo;h\u00e9bergement des MNA. Rassembl\u00e9\u00b7es en collectif afin de s&rsquo;organiser pour r\u00e9pondre \u00e0 une situation urgente de s\u00e9curit\u00e9 et besoin vital pour les jeunes laiss\u00e9\u00b7es \u00e0 la rue par l&rsquo;Etat. Un R\u00c9SEAU D\u2019ASSOCIATIONS Les H\u00e9bergeur\u00b7ses [&hellip;]<\/p>\n","protected":false},"author":2,"featured_media":0,"parent":146,"menu_order":1,"comment_status":"closed","ping_status":"closed","template":"page-classique","meta":{"footnotes":""},"class_list":["post-94","page","type-page","status-publish","hentry"],"_links":{"self":[{"href":"https:\/\/hebergeurssolidairesnantes.fr\/blog\/wp-json\/wp\/v2\/pages\/94"}],"collection":[{"href":"https:\/\/hebergeurssolidairesnantes.fr\/blog\/wp-json\/wp\/v2\/pages"}],"about":[{"href":"https:\/\/hebergeurssolidairesnantes.fr\/blog\/wp-json\/wp\/v2\/types\/page"}],"author":[{"embeddable":true,"href":"https:\/\/hebergeurssolidairesnantes.fr\/blog\/wp-json\/wp\/v2\/users\/2"}],"replies":[{"embeddable":true,"href":"https:\/\/hebergeurssolidairesnantes.fr\/blog\/wp-json\/wp\/v2\/comments?post=94"}],"version-history":[{"count":16,"href":"https:\/\/hebergeurssolidairesnantes.fr\/blog\/wp-json\/wp\/v2\/pages\/94\/revisions"}],"predecessor-version":[{"id":387,"href":"https:\/\/hebergeurssolidairesnantes.fr\/blog\/wp-json\/wp\/v2\/pages\/94\/revisions\/387"}],"up":[{"embeddable":true,"href":"https:\/\/hebergeurssolidairesnantes.fr\/blog\/wp-json\/wp\/v2\/pages\/146"}],"wp:attachment":[{"href":"https:\/\/hebergeurssolidairesnantes.fr\/blog\/wp-json\/wp\/v2\/media?parent=94"}],"curies":[{"name":"wp","href":"https:\/\/api.w.org\/{rel}","templated":true}]}}