{"id":49,"date":"2023-09-18T21:15:38","date_gmt":"2023-09-18T21:15:38","guid":{"rendered":"https:\/\/hebergeurssolidairesnantes.fr\/blog\/?page_id=49"},"modified":"2023-09-26T16:17:42","modified_gmt":"2023-09-26T16:17:42","slug":"questions-reponses","status":"publish","type":"page","link":"https:\/\/hebergeurssolidairesnantes.fr\/blog\/accueillir\/questions-reponses\/","title":{"rendered":"Questions \/ R\u00e9ponses"},"content":{"rendered":"\n<div style=\"height:35px\" aria-hidden=\"true\" class=\"wp-block-spacer\"><\/div>\n\n\n\n<div class=\"wp-block-group alignfull has-background is-layout-flow wp-block-group-is-layout-flow\" style=\"background-color:#f6e4a9;padding-top:6vw;padding-right:6vw;padding-bottom:6vw;padding-left:6vw\">\n<div class=\"wp-block-columns is-layout-flex wp-container-core-columns-is-layout-1 wp-block-columns-is-layout-flex\">\n<div class=\"wp-block-column is-vertically-aligned-center is-layout-flow wp-block-column-is-layout-flow\">\n<p class=\"has-text-align-center has-large-font-size\">Qui sont les jeunes accueillis ?<\/p>\n<\/div>\n\n\n\n<div class=\"wp-block-column is-vertically-aligned-center is-layout-flow wp-block-column-is-layout-flow\">\n<p style=\"font-size:clamp(0.984rem, 0.984rem + ((1vw - 0.2rem) * 0.938), 1.5rem);\">Les jeunes migrants arrivant \u00e0 Nantes sont souvent originaires des pays d\u2019Afrique subsaharienne (Guin\u00e9e, Mali, C\u00f4te d\u2019Ivoire, S\u00e9n\u00e9gal) ou d\u2019Asie centrale (Bangladesh, Pakistan\u2026).<\/p>\n\n\n\n<p style=\"font-size:clamp(0.984rem, 0.984rem + ((1vw - 0.2rem) * 0.938), 1.5rem);\">Les H\u00e9bergeurs Solidaires accueillent majoritairement des jeunes gar\u00e7ons.&nbsp;<\/p>\n<\/div>\n<\/div>\n<\/div>\n\n\n\n<div class=\"wp-block-group alignfull has-background is-nowrap is-layout-flex wp-container-core-group-is-layout-2 wp-block-group-is-layout-flex\" style=\"background-color:#fdddb1;padding-top:6vw;padding-right:6vw;padding-bottom:6vw;padding-left:6vw\">\n<div class=\"wp-block-columns is-layout-flex wp-container-core-columns-is-layout-2 wp-block-columns-is-layout-flex\">\n<div class=\"wp-block-column is-vertically-aligned-center is-layout-flow wp-block-column-is-layout-flow\">\n<p style=\"font-size:clamp(0.984rem, 0.984rem + ((1vw - 0.2rem) * 0.938), 1.5rem);\">Les mineur\u00b7es non accompagn\u00e9\u00b7es (MNA) en France doivent \u00eatre pris en charge par l\u2019Aide Sociale \u00e0 l\u2019Enfance (ASE), le service de protection de l\u2019enfance d\u00e9pendant du D\u00e9partement. Toutefois, apr\u00e8s une \u00e9valuation, le D\u00e9partement peut remettre en cause la minorit\u00e9 du\u00b7de la jeune. Celui\u00b7celle-ci ne sera donc pas mis \u00e0 l\u2019abri au sein de structures d\u00e9partementales (foyers ou autres), le\u00b7la jeune se retrouvant ainsi \u00e0 la rue, le temps de son recours aupr\u00e8s de la Cour d\u2019Appel des Mineurs.<\/p>\n\n\n\n<p style=\"font-size:clamp(0.984rem, 0.984rem + ((1vw - 0.2rem) * 0.938), 1.5rem);\">Les jeunes peuvent \u00eatre orient\u00e9\u00b7es par d\u2019autres associations (la CIMADE, le GasProm, M\u00e9decins du Monde, etc.)<br>vers notre collectif d&rsquo;h\u00e9bergement soit par le bouche-\u00e0-oreille.<\/p>\n<\/div>\n\n\n\n<div class=\"wp-block-column is-vertically-aligned-center is-layout-flow wp-block-column-is-layout-flow\">\n<p class=\"has-text-align-center has-large-font-size\" style=\"margin-top:0;margin-right:0;margin-bottom:0;margin-left:0\">Comment entrent-ils en contact avec les HSB ?<\/p>\n<\/div>\n<\/div>\n<\/div>\n\n\n\n<div class=\"wp-block-group alignfull has-background is-layout-flow wp-block-group-is-layout-flow\" style=\"background-color:#f6e4a9;padding-top:6vw;padding-right:6vw;padding-bottom:6vw;padding-left:6vw\">\n<div class=\"wp-block-columns is-layout-flex wp-container-core-columns-is-layout-3 wp-block-columns-is-layout-flex\">\n<div class=\"wp-block-column is-vertically-aligned-center is-layout-flow wp-block-column-is-layout-flow\">\n<p class=\"has-text-align-center has-large-font-size\">Qui sont les h\u00e9bergeur.ses ?<\/p>\n<\/div>\n\n\n\n<div class=\"wp-block-column is-layout-flow wp-block-column-is-layout-flow\">\n<p style=\"font-size:clamp(0.984rem, 0.984rem + ((1vw - 0.2rem) * 0.938), 1.5rem);\">Toute personne ou famille pr\u00eate \u00e0 aider et disposant d\u2019une chambre libre, peut accueillir. Les h\u00e9bergeur\u00b7ses de l\u2019association ont des profils divers :<\/p>\n\n\n\n<ul class=\"wp-block-list\" style=\"font-size:clamp(0.984rem, 0.984rem + ((1vw - 0.2rem) * 0.938), 1.5rem);\">\n<li>des familles<\/li>\n\n\n\n<li style=\"font-size:clamp(0.984rem, 0.984rem + ((1vw - 0.2rem) * 0.938), 1.5rem);\">de jeunes couples<\/li>\n\n\n\n<li>des retrait\u00e9s<\/li>\n\n\n\n<li>des personnes seules avec ou sans enfant<\/li>\n<\/ul>\n<\/div>\n<\/div>\n<\/div>\n\n\n\n<div class=\"wp-block-group alignfull has-background is-nowrap is-layout-flex wp-container-core-group-is-layout-4 wp-block-group-is-layout-flex\" style=\"background-color:#fdddb1;padding-top:6vw;padding-right:6vw;padding-bottom:6vw;padding-left:6vw\">\n<div class=\"wp-block-columns is-layout-flex wp-container-core-columns-is-layout-4 wp-block-columns-is-layout-flex\">\n<div class=\"wp-block-column is-layout-flow wp-block-column-is-layout-flow\">\n<p style=\"font-size:clamp(0.984rem, 0.984rem + ((1vw - 0.2rem) * 0.938), 1.5rem);\">L\u2019article L622-4 du CESEDA pr\u00e9cise que l\u2019on ne peut pas \u00eatre poursuivi pour avoir aid\u00e9 un migrant lorsque l\u2019aide \u00ab&nbsp;n\u2019a donn\u00e9 lieu \u00e0 aucune contrepartie directe ou indirecte et consistait \u00e0 fournir des conseils juridiques ou des prestations de restauration, d\u2019h\u00e9bergement ou de soins m\u00e9dicaux destin\u00e9es \u00e0 assurer des conditions de vie dignes et d\u00e9centes \u00e0 l\u2019\u00e9tranger, ou bien toute autre aide visant \u00e0 pr\u00e9server la dignit\u00e9 ou l\u2019int\u00e9grit\u00e9 physique de celui-ci&nbsp;\u00bb.<\/p>\n<\/div>\n\n\n\n<div class=\"wp-block-column is-vertically-aligned-center is-layout-flow wp-block-column-is-layout-flow\">\n<p class=\"has-text-align-center has-large-font-size\" style=\"margin-top:0;margin-right:0;margin-bottom:0;margin-left:0\">Est-ce l\u00e9gal d&rsquo;accueillir ? <\/p>\n\n\n\n<p class=\"has-text-align-center has-large-font-size\" style=\"margin-top:0;margin-right:0;margin-bottom:0;margin-left:0\">Oui !<\/p>\n<\/div>\n<\/div>\n<\/div>\n\n\n\n<div class=\"wp-block-group alignfull has-background is-layout-flow wp-block-group-is-layout-flow\" style=\"background-color:#f6e4a9;padding-top:6vw;padding-right:6vw;padding-bottom:6vw;padding-left:6vw\">\n<div class=\"wp-block-columns is-layout-flex wp-container-core-columns-is-layout-5 wp-block-columns-is-layout-flex\">\n<div class=\"wp-block-column is-vertically-aligned-center is-layout-flow wp-block-column-is-layout-flow\">\n<p class=\"has-text-align-center has-large-font-size\">Je travaille la journ\u00e9e, que va faire le jeune pendant ce temps ?<\/p>\n<\/div>\n\n\n\n<div class=\"wp-block-column is-layout-flow wp-block-column-is-layout-flow\">\n<p style=\"font-size:clamp(0.984rem, 0.984rem + ((1vw - 0.2rem) * 0.938), 1.5rem);\">La plupart des h\u00e9bergeur\u00b7ses sont actifs, donc absents la journ\u00e9e. Les jeunes suivent des cours aupr\u00e8s d&rsquo;associations tel que l&rsquo;Ecole Hors les Murs, l&rsquo;Ecole JEM plusieurs jours par semaine, certain\u00b7es sont scolaris\u00e9s au coll\u00e8ge, en lyc\u00e9e professionnel ou au CFA, ils font du sport, ont des rendez-vous (juridiques, m\u00e9dicaux\u2026) ou retrouvent leurs ami\u00b7es.\u00a0<\/p>\n<\/div>\n<\/div>\n<\/div>\n\n\n\n<div class=\"wp-block-group alignfull has-background is-nowrap is-layout-flex wp-container-core-group-is-layout-6 wp-block-group-is-layout-flex\" style=\"background-color:#fdddb1;padding-top:6vw;padding-right:6vw;padding-bottom:6vw;padding-left:6vw\">\n<div class=\"wp-block-columns is-layout-flex wp-container-core-columns-is-layout-6 wp-block-columns-is-layout-flex\">\n<div class=\"wp-block-column is-layout-flow wp-block-column-is-layout-flow\">\n<p style=\"font-size:clamp(0.984rem, 0.984rem + ((1vw - 0.2rem) * 0.938), 1.5rem);\">Toute personne souhaitant accueillir est la  bienvenue !<\/p>\n\n\n\n<p style=\"font-size:clamp(0.984rem, 0.984rem + ((1vw - 0.2rem) * 0.938), 1.5rem);\">Il est cependant plus pratique d\u2019un point de vue g\u00e9ographique que vous r\u00e9sidiez dans, ou \u00e0 proximit\u00e9 de la m\u00e9tropole nantaise. De plus, le suivi scolaire, juridique et m\u00e9dical des jeunes a souvent lieu sur Nantes. Les jeunes disposent d\u2019un abonnement pour les transports en commun, ils sont donc autonomes dans leurs d\u00e9placements.<\/p>\n\n\n\n<p style=\"font-size:clamp(0.984rem, 0.984rem + ((1vw - 0.2rem) * 0.938), 1.5rem);\">Si vous ne r\u00e9sidez pas en Loire-Atlantique, nous vous encourageons \u00e0 contacter les associations qui agissent dans votre d\u00e9partement.<\/p>\n<\/div>\n\n\n\n<div class=\"wp-block-column is-vertically-aligned-center is-layout-flow wp-block-column-is-layout-flow\">\n<p class=\"has-text-align-center has-large-font-size\" style=\"margin-top:0;margin-right:0;margin-bottom:0;margin-left:0\">Je n\u2019habite pas Nantes, puis-je h\u00e9berger un jeune ?<\/p>\n<\/div>\n<\/div>\n<\/div>\n\n\n\n<div class=\"wp-block-group alignfull has-background is-layout-flow wp-block-group-is-layout-flow\" style=\"background-color:#f6e4a9;padding-top:6vw;padding-right:6vw;padding-bottom:6vw;padding-left:6vw\">\n<div class=\"wp-block-columns is-layout-flex wp-container-core-columns-is-layout-7 wp-block-columns-is-layout-flex\">\n<div class=\"wp-block-column is-vertically-aligned-center is-layout-flow wp-block-column-is-layout-flow\">\n<p class=\"has-text-align-center has-large-font-size\">Quel est l\u2019avenir de ces jeunes en France ?<\/p>\n<\/div>\n\n\n\n<div class=\"wp-block-column is-layout-flow wp-block-column-is-layout-flow\">\n<p style=\"font-size:clamp(0.984rem, 0.984rem + ((1vw - 0.2rem) * 0.938), 1.5rem);\">Les H\u00e9bergeur\u00b7ses Solidaires de Nantes mettent en place un accueil solidaire pour les jeunes qui lancent un recours aupr\u00e8s du juge des enfants, suite \u00e0 l\u2019\u00e9valuation r\u00e9alis\u00e9e par le D\u00e9partement qui n\u2019a pas reconnu leur minorit\u00e9. Le juge, peut ainsi reconnaitre la minorit\u00e9 du jeune qui sera ensuite pris en charge par le D\u00e9partement jusqu\u2019\u00e0 sa majorit\u00e9.<\/p>\n\n\n\n<p style=\"font-size:clamp(0.984rem, 0.984rem + ((1vw - 0.2rem) * 0.938), 1.5rem);\">A 18 ans, les jeunes peuvent obtenir 3 permis de s\u00e9jour, suivant leur situation :<\/p>\n\n\n\n<ul class=\"wp-block-list\" style=\"font-size:clamp(0.984rem, 0.984rem + ((1vw - 0.2rem) * 0.938), 1.5rem);\">\n<li>permis \u00e9tudiant<\/li>\n\n\n\n<li style=\"font-size:clamp(0.984rem, 0.984rem + ((1vw - 0.2rem) * 0.938), 1.5rem);\">permis travail<\/li>\n\n\n\n<li>permis vie familiale<\/li>\n<\/ul>\n\n\n\n<p style=\"font-size:clamp(0.984rem, 0.984rem + ((1vw - 0.2rem) * 0.938), 1.5rem);\">Il est \u00e9galement possible que le\u00b7la jeune b\u00e9n\u00e9ficie d\u2019un contrat jeune majeur, li\u00e9 \u00e0 son projet professionnel. Ce dispositif prolonge sa prise en charge jusqu\u2019\u00e0 ses 21 ans par le D\u00e9partement.<\/p>\n<\/div>\n<\/div>\n<\/div>\n\n\n\n<div class=\"wp-block-group alignfull has-background is-nowrap is-layout-flex wp-container-core-group-is-layout-8 wp-block-group-is-layout-flex\" style=\"background-color:#fdddb1;padding-top:6vw;padding-right:6vw;padding-bottom:6vw;padding-left:6vw\">\n<div class=\"wp-block-columns is-layout-flex wp-container-core-columns-is-layout-8 wp-block-columns-is-layout-flex\">\n<div class=\"wp-block-column is-layout-flow wp-block-column-is-layout-flow\">\n<p style=\"font-size:clamp(0.984rem, 0.984rem + ((1vw - 0.2rem) * 0.938), 1.5rem);\">Le recours aupr\u00e8s du juge des enfants peut parfois durer plusieurs semaines, voire plusieurs mois. Les H\u00e9bergeur\u00b7ses Solidaires souhaitent tenir compte des possibilit\u00e9s d\u2019accueil diff\u00e9rentes des uns et des autres.<\/p>\n\n\n\n<p style=\"font-size:clamp(0.984rem, 0.984rem + ((1vw - 0.2rem) * 0.938), 1.5rem);\">Nous sollicitons \u00e9galement des h\u00e9bergeur\u00b7ses de fa\u00e7on plus ponctuelle, notamment dans les situations d\u2019urgence.<\/p>\n<\/div>\n\n\n\n<div class=\"wp-block-column is-vertically-aligned-center is-layout-flow wp-block-column-is-layout-flow\">\n<p class=\"has-text-align-center has-large-font-size\" style=\"margin-top:0;margin-right:0;margin-bottom:0;margin-left:0\">Pourquoi l\u2019accueil fonctionne-t-il de fa\u00e7on altern\u00e9e ?<\/p>\n<\/div>\n<\/div>\n<\/div>\n\n\n\n<div class=\"wp-block-group alignfull has-background is-layout-flow wp-block-group-is-layout-flow\" style=\"background-color:#f6e4a9;padding-top:6vw;padding-right:6vw;padding-bottom:6vw;padding-left:6vw\">\n<div class=\"wp-block-columns is-layout-flex wp-container-core-columns-is-layout-9 wp-block-columns-is-layout-flex\">\n<div class=\"wp-block-column is-vertically-aligned-center is-layout-flow wp-block-column-is-layout-flow\">\n<p class=\"has-text-align-center has-large-font-size\">Quel est l\u2019avenir de ces jeunes en France ?<\/p>\n<\/div>\n\n\n\n<div class=\"wp-block-column is-layout-flow wp-block-column-is-layout-flow\">\n<p style=\"font-size:clamp(0.984rem, 0.984rem + ((1vw - 0.2rem) * 0.938), 1.5rem);\">Notre collectif met en place un accueil solidaire pour les jeunes qui lancent un recours aupr\u00e8s du juge des enfants, suite \u00e0 l\u2019\u00e9valuation r\u00e9alis\u00e9e par le D\u00e9partement qui n\u2019a pas reconnu leur minorit\u00e9. Le juge, peut ainsi reconnaitre la minorit\u00e9 du\u00b7de la jeune qui sera ensuite pris\u00b7e en charge par le D\u00e9partement jusqu\u2019\u00e0 sa majorit\u00e9.<\/p>\n\n\n\n<p style=\"font-size:clamp(0.984rem, 0.984rem + ((1vw - 0.2rem) * 0.938), 1.5rem);\">A 18 ans, les jeunes peuvent obtenir 3 permis de s\u00e9jour, suivant leur situation :<\/p>\n\n\n\n<ul class=\"wp-block-list\" style=\"font-size:clamp(0.984rem, 0.984rem + ((1vw - 0.2rem) * 0.938), 1.5rem);\">\n<li>permis \u00e9tudiant<\/li>\n\n\n\n<li>permis travail<\/li>\n\n\n\n<li>permis vie familiale.<\/li>\n<\/ul>\n\n\n\n<p style=\"font-size:clamp(0.984rem, 0.984rem + ((1vw - 0.2rem) * 0.938), 1.5rem);\">Il est \u00e9galement possible que le jeune b\u00e9n\u00e9ficie d\u2019un contrat jeune majeur, li\u00e9 \u00e0 son projet professionnel. Ce dispositif prolonge sa prise en charge jusqu\u2019\u00e0 ses 21 ans par le D\u00e9partement.<\/p>\n<\/div>\n<\/div>\n<\/div>\n\n\n\n<div class=\"wp-block-group alignfull has-background is-nowrap is-layout-flex wp-container-core-group-is-layout-10 wp-block-group-is-layout-flex\" style=\"background-color:#fdddb1;padding-top:6vw;padding-right:6vw;padding-bottom:6vw;padding-left:6vw\">\n<div class=\"wp-block-columns is-layout-flex wp-container-core-columns-is-layout-10 wp-block-columns-is-layout-flex\">\n<div class=\"wp-block-column is-layout-flow wp-block-column-is-layout-flow\">\n<p style=\"font-size:clamp(0.984rem, 0.984rem + ((1vw - 0.2rem) * 0.938), 1.5rem);\">Pas de probl\u00e8me\u00a0! C\u2019est le r\u00f4le des coordinatrices de notre collectif de faire le lien entre l\u2019h\u00e9bergeur\u00b7se et le\u00b7la jeune. N\u2019h\u00e9sitez pas \u00e0 leur faire part des difficult\u00e9s \/ questionnements que vous rencontrez au quotidien, un temps d\u2019\u00e9change et de discussion pourra \u00eatre mis en place. Vous pourrez ainsi faire le point et d\u00e9cider de la suite que vous voudrez donner.<\/p>\n<\/div>\n\n\n\n<div class=\"wp-block-column is-vertically-aligned-center is-layout-flow wp-block-column-is-layout-flow\">\n<p class=\"has-text-align-center has-large-font-size\" style=\"margin-top:0;margin-right:0;margin-bottom:0;margin-left:0\">Et si l\u2019accueil se passe mal ?<\/p>\n<\/div>\n<\/div>\n<\/div>\n\n\n\n<div class=\"wp-block-group alignfull has-background is-layout-flow wp-block-group-is-layout-flow\" style=\"background-color:#f6e4a9;padding-top:6vw;padding-right:6vw;padding-bottom:6vw;padding-left:6vw\">\n<div class=\"wp-block-columns is-layout-flex wp-container-core-columns-is-layout-11 wp-block-columns-is-layout-flex\">\n<div class=\"wp-block-column is-vertically-aligned-center is-layout-flow wp-block-column-is-layout-flow\">\n<p class=\"has-text-align-center has-large-font-size\">Combien \u00e7a co\u00fbte ?<\/p>\n<\/div>\n\n\n\n<div class=\"wp-block-column is-layout-flow wp-block-column-is-layout-flow\">\n<p style=\"font-size:clamp(0.984rem, 0.984rem + ((1vw - 0.2rem) * 0.938), 1.5rem);\">En tant qu\u2019h\u00e9bergeur\u00b7se, vous assurez le g\u00eete et le couvert au jeune le temps de son recours aupr\u00e8s du juge, il n\u2019y a donc pas de d\u00e9penses suppl\u00e9mentaires \u00e0 assurer. A moins que vous ne remarquiez qu\u2019il lui manque des produits n\u00e9cessaires. Si tel est le cas, n&rsquo;h\u00e9sitez pas \u00e0 vous rapprocher de nous afin que nous puissiez vous rediriger vers les associations correspondantes \u00e0 la demande du jeune.<\/p>\n\n\n\n<p style=\"font-size:clamp(0.984rem, 0.984rem + ((1vw - 0.2rem) * 0.938), 1.5rem);\">L\u2019abonnement pour les transports en commun est \u00e9galement pris en charge par une autre association, au m\u00eame titre que les fournitures scolaires.\u00a0<\/p>\n<\/div>\n<\/div>\n<\/div>\n","protected":false},"excerpt":{"rendered":"<p>Qui sont les jeunes accueillis ? Les jeunes migrants arrivant \u00e0 Nantes sont souvent originaires des pays d\u2019Afrique subsaharienne (Guin\u00e9e, Mali, C\u00f4te d\u2019Ivoire, S\u00e9n\u00e9gal) ou d\u2019Asie centrale (Bangladesh, Pakistan\u2026). Les H\u00e9bergeurs Solidaires accueillent majoritairement des jeunes gar\u00e7ons.&nbsp; Les mineur\u00b7es non accompagn\u00e9\u00b7es (MNA) en France doivent \u00eatre pris en charge par l\u2019Aide Sociale \u00e0 l\u2019Enfance (ASE), [&hellip;]<\/p>\n","protected":false},"author":2,"featured_media":0,"parent":76,"menu_order":2,"comment_status":"closed","ping_status":"closed","template":"page-classique","meta":{"footnotes":""},"class_list":["post-49","page","type-page","status-publish","hentry"],"_links":{"self":[{"href":"https:\/\/hebergeurssolidairesnantes.fr\/blog\/wp-json\/wp\/v2\/pages\/49"}],"collection":[{"href":"https:\/\/hebergeurssolidairesnantes.fr\/blog\/wp-json\/wp\/v2\/pages"}],"about":[{"href":"https:\/\/hebergeurssolidairesnantes.fr\/blog\/wp-json\/wp\/v2\/types\/page"}],"author":[{"embeddable":true,"href":"https:\/\/hebergeurssolidairesnantes.fr\/blog\/wp-json\/wp\/v2\/users\/2"}],"replies":[{"embeddable":true,"href":"https:\/\/hebergeurssolidairesnantes.fr\/blog\/wp-json\/wp\/v2\/comments?post=49"}],"version-history":[{"count":13,"href":"https:\/\/hebergeurssolidairesnantes.fr\/blog\/wp-json\/wp\/v2\/pages\/49\/revisions"}],"predecessor-version":[{"id":403,"href":"https:\/\/hebergeurssolidairesnantes.fr\/blog\/wp-json\/wp\/v2\/pages\/49\/revisions\/403"}],"up":[{"embeddable":true,"href":"https:\/\/hebergeurssolidairesnantes.fr\/blog\/wp-json\/wp\/v2\/pages\/76"}],"wp:attachment":[{"href":"https:\/\/hebergeurssolidairesnantes.fr\/blog\/wp-json\/wp\/v2\/media?parent=49"}],"curies":[{"name":"wp","href":"https:\/\/api.w.org\/{rel}","templated":true}]}}