{"id":43,"date":"2023-09-18T20:36:41","date_gmt":"2023-09-18T20:36:41","guid":{"rendered":"https:\/\/hebergeurssolidairesnantes.fr\/blog\/?page_id=43"},"modified":"2023-09-26T16:22:10","modified_gmt":"2023-09-26T16:22:10","slug":"devenez-hebergeur%c2%b7se","status":"publish","type":"page","link":"https:\/\/hebergeurssolidairesnantes.fr\/blog\/accueillir\/devenez-hebergeur%c2%b7se\/","title":{"rendered":"Devenez h\u00e9bergeur\u00b7se"},"content":{"rendered":"\n<div style=\"height:28px\" aria-hidden=\"true\" class=\"wp-block-spacer\"><\/div>\n\n\n\n<div class=\"wp-block-columns alignwide is-layout-flex wp-container-core-columns-is-layout-1 wp-block-columns-is-layout-flex\" style=\"margin-top:0;margin-bottom:0;padding-top:var(--wp--preset--spacing--30);padding-right:var(--wp--preset--spacing--30);padding-bottom:var(--wp--preset--spacing--30);padding-left:var(--wp--preset--spacing--30)\">\n<div class=\"wp-block-column has-text-color has-background has-link-color wp-elements-12099cc761c00b8456df7a3101251ee5 is-layout-flow wp-block-column-is-layout-flow\" style=\"color:#000000;background-color:#f7dabf;padding-top:2em;padding-right:2em;padding-bottom:2em;padding-left:2em\">\n<h2 class=\"wp-block-heading\" id=\"family\" style=\"font-size:clamp(24.034px, 1.502rem + ((1vw - 3.2px) * 1.814), 40px);\">Un accueil partag\u00e9<\/h2>\n\n\n\n<p style=\"font-size:clamp(0.984rem, 0.984rem + ((1vw - 0.2rem) * 0.938), 1.5rem);line-height:1.5\"><strong>Vous disposez d&rsquo;un espace pour un\u00b7e jeune (chambre, canap\u00e9 dans le salon) pendant au moins une semaine par mois ?<\/strong><\/p>\n\n\n\n<hr class=\"wp-block-separator has-css-opacity is-style-wide\" \/>\n\n\n\n<p style=\"font-size:clamp(0.984rem, 0.984rem + ((1vw - 0.2rem) * 0.938), 1.5rem);\">L\u2019accueil d\u2019un jeune est assur\u00e9 par trois h\u00e9bergeur\u00b7ses diff\u00e9rent\u00b7es qui se relaient.<\/p>\n\n\n\n<p style=\"font-size:clamp(0.984rem, 0.984rem + ((1vw - 0.2rem) * 0.938), 1.5rem);\">Nous nous occupons de trouver les autres familles pouvant h\u00e9berger proche de chez vous. Mais n&rsquo;h\u00e9sitez pas \u00e0 en parler autour de vous.<\/p>\n\n\n\n<p class=\"has-text-align-center\" style=\"font-size:clamp(0.875rem, 0.875rem + ((1vw - 0.2rem) * 0.773), 1.3rem);\"><em>Une solution pleine de solidarit\u00e9 permettant aux jeunes de partager de nombreuses exp\u00e9riences<\/em><\/p>\n<\/div>\n\n\n\n<div class=\"wp-block-column has-text-color has-background has-link-color wp-elements-1f98894acd55ea9cbfdf2352c9958fd7 is-layout-flow wp-block-column-is-layout-flow\" style=\"color:#000000;background-color:#fff5c0;padding-top:2em;padding-right:2em;padding-bottom:2em;padding-left:2em\">\n<h2 class=\"wp-block-heading\" id=\"single\" style=\"font-size:clamp(24.034px, 1.502rem + ((1vw - 3.2px) * 1.814), 40px);\">Un accueil \u00e0 plein temps<\/h2>\n\n\n\n<p style=\"font-size:clamp(0.984rem, 0.984rem + ((1vw - 0.2rem) * 0.938), 1.5rem);line-height:1.5\"><strong>Vous disposez d&rsquo;une chambre \u00e0 temps plein ?<\/strong><\/p>\n\n\n\n<hr class=\"wp-block-separator has-text-color has-css-opacity has-background is-style-wide\" style=\"background-color:#000000;color:#000000\" \/>\n\n\n\n<p style=\"font-size:clamp(0.984rem, 0.984rem + ((1vw - 0.2rem) * 0.938), 1.5rem);\">Vous pouvez h\u00e9berger un jeune \u00e0 temps plein sur une dur\u00e9e plus longue<\/p>\n\n\n\n<div style=\"height:100px\" aria-hidden=\"true\" class=\"wp-block-spacer\"><\/div>\n\n\n\n<p class=\"has-text-align-center\" style=\"font-size:clamp(0.875rem, 0.875rem + ((1vw - 0.2rem) * 0.773), 1.3rem);\"><em>Un v\u00e9ritable soulagement pour le\u00b7la jeune que vous accueillerez.<\/em><\/p>\n<\/div>\n\n\n\n<div class=\"wp-block-column has-text-color has-background has-link-color wp-elements-9445ddcb7ac3139358ae985042126e33 is-layout-flow wp-block-column-is-layout-flow\" style=\"color:#000000;background-color:#f2e6c2;padding-top:2em;padding-right:2em;padding-bottom:2em;padding-left:2em\">\n<h2 class=\"wp-block-heading\" id=\"patron\" style=\"font-size:clamp(24.034px, 1.502rem + ((1vw - 3.2px) * 1.814), 40px);\">Un accueil ponctuel<\/h2>\n\n\n\n<div style=\"height:5px\" aria-hidden=\"true\" class=\"wp-block-spacer\"><\/div>\n\n\n\n<p style=\"font-size:clamp(0.984rem, 0.984rem + ((1vw - 0.2rem) * 0.938), 1.5rem);line-height:1.5\"><strong>Vous disposez d&rsquo;un espace pour un\u00b7e jeune lors des vacances ou des week-ends<\/strong><\/p>\n\n\n\n<hr class=\"wp-block-separator has-css-opacity is-style-wide\" \/>\n\n\n\n<p style=\"font-size:clamp(0.984rem, 0.984rem + ((1vw - 0.2rem) * 0.938), 1.5rem);\">Vous pouvez h\u00e9berger un\u00b7e jeune lors des vacances ou des week-ends<\/p>\n\n\n\n<div style=\"height:69px\" aria-hidden=\"true\" class=\"wp-block-spacer\"><\/div>\n\n\n\n<p class=\"has-text-align-center\" style=\"font-size:clamp(0.875rem, 0.875rem + ((1vw - 0.2rem) * 0.773), 1.3rem);\"><em>Un geste qui permet de soulager les autres familles d&rsquo;h\u00e9bergeur\u00b7ses et au jeune de d\u00e9couvrir et \u00e9changer avec de nouvelles personnes<\/em><\/p>\n<\/div>\n<\/div>\n\n\n\n<h2 class=\"wp-block-heading has-text-align-center\">Lancez vous dans l\u2019aventure\u2026<\/h2>\n\n\n\n<div style=\"height:23px\" aria-hidden=\"true\" class=\"wp-block-spacer\"><\/div>\n\n\n\n<div class=\"wp-block-columns is-layout-flex wp-container-core-columns-is-layout-2 wp-block-columns-is-layout-flex\" style=\"padding-top:var(--wp--preset--spacing--30);padding-right:var(--wp--preset--spacing--30);padding-bottom:var(--wp--preset--spacing--30);padding-left:var(--wp--preset--spacing--30)\">\n<div class=\"wp-block-column is-layout-flow wp-block-column-is-layout-flow\">\n<figure class=\"wp-block-image aligncenter is-resized\"><img loading=\"lazy\" decoding=\"async\" src=\"https:\/\/hebergeurssolidairesnantes.fr\/blog\/wp-content\/uploads\/2023\/09\/une.png\" alt=\"\" class=\"wp-image-271\" width=\"77\" height=\"77\" srcset=\"https:\/\/hebergeurssolidairesnantes.fr\/blog\/wp-content\/uploads\/2023\/09\/une.png 512w, https:\/\/hebergeurssolidairesnantes.fr\/blog\/wp-content\/uploads\/2023\/09\/une-300x300.png 300w, https:\/\/hebergeurssolidairesnantes.fr\/blog\/wp-content\/uploads\/2023\/09\/une-150x150.png 150w\" sizes=\"(max-width: 77px) 100vw, 77px\" \/><\/figure>\n\n\n\n<h4 class=\"wp-block-heading has-text-align-center\">PRISE DE CONTACT<\/h4>\n\n\n\n<p class=\"has-text-align-center\" style=\"font-size:clamp(0.984rem, 0.984rem + ((1vw - 0.2rem) * 0.938), 1.5rem);\">Nous organisons&nbsp;une rencontre pour vous informer plus en d\u00e9tail&nbsp;sur la&nbsp;situation des mineur\u00b7es isol\u00e9\u00b7es \u00e0 Nantes, le fonctionnement de l\u2019association et surtout r\u00e9pondre \u00e0 toutes vos questions.<\/p>\n<\/div>\n\n\n\n<div class=\"wp-block-column is-layout-flow wp-block-column-is-layout-flow\">\n<figure class=\"wp-block-image aligncenter size-full is-resized\"><img loading=\"lazy\" decoding=\"async\" src=\"https:\/\/hebergeurssolidairesnantes.fr\/blog\/wp-content\/uploads\/2023\/09\/deux.png\" alt=\"\" class=\"wp-image-270\" width=\"73\" height=\"73\" srcset=\"https:\/\/hebergeurssolidairesnantes.fr\/blog\/wp-content\/uploads\/2023\/09\/deux.png 512w, https:\/\/hebergeurssolidairesnantes.fr\/blog\/wp-content\/uploads\/2023\/09\/deux-300x300.png 300w, https:\/\/hebergeurssolidairesnantes.fr\/blog\/wp-content\/uploads\/2023\/09\/deux-150x150.png 150w\" sizes=\"(max-width: 73px) 100vw, 73px\" \/><\/figure>\n\n\n\n<h4 class=\"wp-block-heading has-text-align-center\">ACCOMPAGNEMENT PAR L\u2019ASSO<\/h4>\n\n\n\n<p class=\"has-text-align-center\" style=\"font-size:clamp(0.984rem, 0.984rem + ((1vw - 0.2rem) * 0.938), 1.5rem);\">Vous serez en lien permanent&nbsp;avec notre \u00e9quipe de coordination. Nous nous efforcerons de maintenir le lien entre le\u00b7la jeune accueilli\u00b7e et les diff\u00e9rent\u00b7es h\u00e9bergeur\u00b7ses, durant toute la dur\u00e9e de l\u2019accueil, tout en vous aidant \u00e0 l&rsquo;aiguiller vers d&rsquo;autres associations pour le suivi de sa situation juridique, m\u00e9dicale et scolaire.<\/p>\n<\/div>\n<\/div>\n\n\n\n<div class=\"wp-block-columns is-layout-flex wp-container-core-columns-is-layout-3 wp-block-columns-is-layout-flex\" style=\"padding-top:var(--wp--preset--spacing--30);padding-right:var(--wp--preset--spacing--30);padding-bottom:var(--wp--preset--spacing--30);padding-left:var(--wp--preset--spacing--30)\">\n<div class=\"wp-block-column is-layout-flow wp-block-column-is-layout-flow\">\n<figure class=\"wp-block-image aligncenter size-full is-resized\"><img loading=\"lazy\" decoding=\"async\" src=\"https:\/\/hebergeurssolidairesnantes.fr\/blog\/wp-content\/uploads\/2023\/09\/trois.png\" alt=\"\" class=\"wp-image-269\" width=\"78\" height=\"78\" srcset=\"https:\/\/hebergeurssolidairesnantes.fr\/blog\/wp-content\/uploads\/2023\/09\/trois.png 512w, https:\/\/hebergeurssolidairesnantes.fr\/blog\/wp-content\/uploads\/2023\/09\/trois-300x300.png 300w, https:\/\/hebergeurssolidairesnantes.fr\/blog\/wp-content\/uploads\/2023\/09\/trois-150x150.png 150w\" sizes=\"(max-width: 78px) 100vw, 78px\" \/><\/figure>\n\n\n\n<h4 class=\"wp-block-heading has-text-align-center\">MODALIT\u00c9S DE L\u2019ACCUEIL<\/h4>\n\n\n\n<p class=\"has-text-align-center\" style=\"font-size:clamp(0.984rem, 0.984rem + ((1vw - 0.2rem) * 0.938), 1.5rem);\">Nous discutons ensemble de vos possibilit\u00e9s d\u2019accueil. Plusieurs solutions d&rsquo;h\u00e9bergement (comme explicit\u00e9 plus haut) sont possibles. Nous nous effor\u00e7ons de r\u00e9pondre \u00e0 vos besoins et envies en mati\u00e8re d&rsquo;h\u00e9bergement.<br>Un planning d\u2019accueil est ensuite \u00e9tabli, il est \u00e9videmment modulable.<\/p>\n<\/div>\n\n\n\n<div class=\"wp-block-column is-layout-flow wp-block-column-is-layout-flow\">\n<figure class=\"wp-block-image aligncenter size-thumbnail is-resized\"><img loading=\"lazy\" decoding=\"async\" src=\"https:\/\/hebergeurssolidairesnantes.fr\/blog\/wp-content\/uploads\/2023\/09\/four-1-150x150.png\" alt=\"\" class=\"wp-image-408\" width=\"78\" height=\"78\" srcset=\"https:\/\/hebergeurssolidairesnantes.fr\/blog\/wp-content\/uploads\/2023\/09\/four-1-150x150.png 150w, https:\/\/hebergeurssolidairesnantes.fr\/blog\/wp-content\/uploads\/2023\/09\/four-1-300x300.png 300w, https:\/\/hebergeurssolidairesnantes.fr\/blog\/wp-content\/uploads\/2023\/09\/four-1.png 512w\" sizes=\"(max-width: 78px) 100vw, 78px\" \/><\/figure>\n\n\n\n<h4 class=\"wp-block-heading has-text-align-center\">ACCUEIL BIENVEILLANT<\/h4>\n\n\n\n<p class=\"has-text-align-center\" style=\"font-size:clamp(0.984rem, 0.984rem + ((1vw - 0.2rem) * 0.938), 1.5rem);\">Ces accueils, dans la bienveillance et&nbsp;le respect mutuel, repr\u00e9sentent un temps de&nbsp;r\u00e9pit&nbsp;salvateur pour ces adolescent\u00b7es aux parcours migratoires traumatiques. Ils donnent tr\u00e8s souvent naissance \u00e0 de beaux moments de partage et \u00e0 de belles rencontres humaines !<\/p>\n<\/div>\n<\/div>\n","protected":false},"excerpt":{"rendered":"<p>Un accueil partag\u00e9 Vous disposez d&rsquo;un espace pour un\u00b7e jeune (chambre, canap\u00e9 dans le salon) pendant au moins une semaine par mois ? L\u2019accueil d\u2019un jeune est assur\u00e9 par trois h\u00e9bergeur\u00b7ses diff\u00e9rent\u00b7es qui se relaient. Nous nous occupons de trouver les autres familles pouvant h\u00e9berger proche de chez vous. Mais n&rsquo;h\u00e9sitez pas \u00e0 en parler [&hellip;]<\/p>\n","protected":false},"author":2,"featured_media":0,"parent":76,"menu_order":1,"comment_status":"closed","ping_status":"closed","template":"page-classique","meta":{"footnotes":""},"class_list":["post-43","page","type-page","status-publish","hentry"],"_links":{"self":[{"href":"https:\/\/hebergeurssolidairesnantes.fr\/blog\/wp-json\/wp\/v2\/pages\/43"}],"collection":[{"href":"https:\/\/hebergeurssolidairesnantes.fr\/blog\/wp-json\/wp\/v2\/pages"}],"about":[{"href":"https:\/\/hebergeurssolidairesnantes.fr\/blog\/wp-json\/wp\/v2\/types\/page"}],"author":[{"embeddable":true,"href":"https:\/\/hebergeurssolidairesnantes.fr\/blog\/wp-json\/wp\/v2\/users\/2"}],"replies":[{"embeddable":true,"href":"https:\/\/hebergeurssolidairesnantes.fr\/blog\/wp-json\/wp\/v2\/comments?post=43"}],"version-history":[{"count":26,"href":"https:\/\/hebergeurssolidairesnantes.fr\/blog\/wp-json\/wp\/v2\/pages\/43\/revisions"}],"predecessor-version":[{"id":411,"href":"https:\/\/hebergeurssolidairesnantes.fr\/blog\/wp-json\/wp\/v2\/pages\/43\/revisions\/411"}],"up":[{"embeddable":true,"href":"https:\/\/hebergeurssolidairesnantes.fr\/blog\/wp-json\/wp\/v2\/pages\/76"}],"wp:attachment":[{"href":"https:\/\/hebergeurssolidairesnantes.fr\/blog\/wp-json\/wp\/v2\/media?parent=43"}],"curies":[{"name":"wp","href":"https:\/\/api.w.org\/{rel}","templated":true}]}}