{"id":40,"date":"2023-09-18T20:30:08","date_gmt":"2023-09-18T20:30:08","guid":{"rendered":"https:\/\/hebergeurssolidairesnantes.fr\/blog\/?page_id=40"},"modified":"2023-09-26T14:11:38","modified_gmt":"2023-09-26T14:11:38","slug":"situation-des-mineur%c2%b7es-isole%c2%b7es","status":"publish","type":"page","link":"https:\/\/hebergeurssolidairesnantes.fr\/blog\/situation-des-mineur%c2%b7es-isole%c2%b7es\/","title":{"rendered":"Situation des mineur\u00b7es isol\u00e9\u00b7es"},"content":{"rendered":"\n<p style=\"margin-top:var(--wp--preset--spacing--40);margin-right:var(--wp--preset--spacing--40);margin-bottom:var(--wp--preset--spacing--40);margin-left:var(--wp--preset--spacing--40);font-size:clamp(0.984rem, 0.984rem + ((1vw - 0.2rem) * 0.938), 1.5rem);\">Parmi les personnes exil\u00e9<strong>\u00b7<\/strong>es en Europe, on retrouve de plus en plus de mineur<strong>\u00b7<\/strong>es :&nbsp;<strong>plus d\u2019un\u00b7e exil\u00e9\u00b7e sur trois en 2016 est un\u00b7e enfant<\/strong>.&nbsp;Parmi ces mineur<strong>\u00b7<\/strong>es, certain<strong>\u00b7<\/strong>es sont seul<strong>\u00b7<\/strong>es, sans leurs parents : les mineur<strong>\u00b7<\/strong>es isol\u00e9<strong>\u00b7<\/strong>es \u00e9tranger<strong>\u00b7<\/strong>es (MIE) ou mineur<strong>\u00b7<\/strong>es non accompagn\u00e9<strong>\u00b7<\/strong>es (MNA).<\/p>\n\n\n\n<p style=\"margin-top:var(--wp--preset--spacing--40);margin-right:var(--wp--preset--spacing--40);margin-bottom:var(--wp--preset--spacing--40);margin-left:var(--wp--preset--spacing--40);font-size:clamp(0.984rem, 0.984rem + ((1vw - 0.2rem) * 0.938), 1.5rem);\">En France, leur protection&nbsp;se fonde sur celle de l\u2019enfance en danger :&nbsp;elle est applicable \u00e0 tout<strong>\u00b7<\/strong>e mineur<strong>\u00b7<\/strong>e en danger, sans condition de nationalit\u00e9 et rel\u00e8ve des Conseils D\u00e9partementaux.&nbsp;Cependant, <strong>les droits de ces enfants&nbsp;ne sont actuellement pas respect\u00e9s.<\/strong>&nbsp;Tous les jours en Loire-Atlantique et ailleurs, des centaines d\u2019enfants, de jeunes \u00e9tranger<strong>\u00b7<\/strong>es sont laiss\u00e9<strong>\u00b7<\/strong>es \u00e0 l\u2019abandon, exclu<strong>\u00b7<\/strong>es de la protection qui leur est&nbsp;l\u00e9galement due par le D\u00e9partement. Ceux<strong>\u00b7<\/strong>celles-ci se partagent avec la police, les parquets et les tribunaux le soin de faire le \u00ab&nbsp;tri \u00bb entre les jeunes qui seront reconnu<strong>\u00b7<\/strong>es mineur<strong>\u00b7<\/strong>es et les autres, d\u00e9clar\u00e9<strong>\u00b7<\/strong>es majeur<strong>\u00b7<\/strong>es apr\u00e8s un entretien suspicieux, un document jug\u00e9 douteux ou les conclusions al\u00e9atoires d\u2019une expertise osseuse.<\/p>\n\n\n\n<p style=\"margin-top:var(--wp--preset--spacing--40);margin-right:var(--wp--preset--spacing--40);margin-bottom:var(--wp--preset--spacing--40);margin-left:var(--wp--preset--spacing--40);font-size:clamp(0.984rem, 0.984rem + ((1vw - 0.2rem) * 0.938), 1.5rem);\">Pour les \u00ab&nbsp;\u00e9valu\u00e9<strong>\u00b7<\/strong>es majeur<strong>\u00b7<\/strong>es&nbsp;\u00bb, c\u2019est le retour \u00e0 la rue, sans aucune information sur leurs droits, notamment celui de contester leur \u00e9valuation de majorit\u00e9 aupr\u00e8s d\u2019un juge des enfants.<\/p>\n\n\n\n<p style=\"margin-top:var(--wp--preset--spacing--40);margin-right:var(--wp--preset--spacing--40);margin-bottom:var(--wp--preset--spacing--40);margin-left:var(--wp--preset--spacing--40);font-size:clamp(0.984rem, 0.984rem + ((1vw - 0.2rem) * 0.938), 1.5rem);\"><strong>Face \u00e0 de si graves manquements de l\u2019Etat \u00e0 ses obligations<\/strong>, <strong>Les H\u00e9bergeur\u00b7ses Solidaires de Nantes<\/strong>, soutenu<strong>\u00b7<\/strong>es par un collectif d\u2019associations, <strong>mettent ces jeunes en relation avec des accueillant\u00b7es s\u2019\u00e9tant port\u00e9\u00b7es volontaires pour les h\u00e9berger<\/strong> en attendant leur prise en charge par le D\u00e9partement.<\/p>\n\n\n\n<p style=\"margin-top:var(--wp--preset--spacing--40);margin-right:var(--wp--preset--spacing--40);margin-bottom:var(--wp--preset--spacing--40);margin-left:var(--wp--preset--spacing--40);font-size:clamp(0.984rem, 0.984rem + ((1vw - 0.2rem) * 0.938), 1.5rem);\">Cet accueil&nbsp;repr\u00e9sente pour eux <strong>un moment de r\u00e9pit, apr\u00e8s des&nbsp;parcours migratoires infernaux<\/strong>, et leur offre <strong>la possibilit\u00e9 de faire valoir leurs droits&nbsp;ainsi que d\u2019entamer des d\u00e9marches<\/strong> inenvisageables lorsqu\u2019on dort dans la rue.&nbsp;<\/p>\n\n\n\n<p style=\"margin-top:var(--wp--preset--spacing--40);margin-right:var(--wp--preset--spacing--40);margin-bottom:var(--wp--preset--spacing--40);margin-left:var(--wp--preset--spacing--40);font-size:clamp(0.984rem, 0.984rem + ((1vw - 0.2rem) * 0.938), 1.5rem);\">Parmi nos associations partenaires, nous comptons :<\/p>\n\n\n\n<div class=\"wp-block-columns is-layout-flex wp-container-core-columns-is-layout-1 wp-block-columns-is-layout-flex\" style=\"margin-top:var(--wp--preset--spacing--30);margin-bottom:var(--wp--preset--spacing--30)\">\n<div class=\"wp-block-column is-vertically-aligned-center is-layout-flow wp-block-column-is-layout-flow\">\n<figure class=\"wp-block-image aligncenter size-full is-resized\"><img loading=\"lazy\" decoding=\"async\" src=\"https:\/\/hebergeurssolidairesnantes.fr\/blog\/wp-content\/uploads\/2023\/09\/Cimade.jpg\" alt=\"\" class=\"wp-image-297\" width=\"222\" height=\"74\" \/><\/figure>\n<\/div>\n\n\n\n<div class=\"wp-block-column is-vertically-aligned-center is-layout-flow wp-block-column-is-layout-flow\">\n<figure class=\"wp-block-image aligncenter size-full is-resized\"><img loading=\"lazy\" decoding=\"async\" src=\"https:\/\/hebergeurssolidairesnantes.fr\/blog\/wp-content\/uploads\/2023\/09\/cemea-logo.jpg\" alt=\"\" class=\"wp-image-298\" width=\"232\" height=\"130\" srcset=\"https:\/\/hebergeurssolidairesnantes.fr\/blog\/wp-content\/uploads\/2023\/09\/cemea-logo.jpg 960w, https:\/\/hebergeurssolidairesnantes.fr\/blog\/wp-content\/uploads\/2023\/09\/cemea-logo-300x169.jpg 300w, https:\/\/hebergeurssolidairesnantes.fr\/blog\/wp-content\/uploads\/2023\/09\/cemea-logo-768x432.jpg 768w\" sizes=\"(max-width: 232px) 100vw, 232px\" \/><\/figure>\n<\/div>\n\n\n\n<div class=\"wp-block-column is-vertically-aligned-center is-layout-flow wp-block-column-is-layout-flow\">\n<figure class=\"wp-block-image aligncenter size-full is-resized\"><img loading=\"lazy\" decoding=\"async\" src=\"https:\/\/hebergeurssolidairesnantes.fr\/blog\/wp-content\/uploads\/2023\/09\/logo-resf-2020-texte-centre.jpg\" alt=\"\" class=\"wp-image-355\" width=\"223\" height=\"76\" srcset=\"https:\/\/hebergeurssolidairesnantes.fr\/blog\/wp-content\/uploads\/2023\/09\/logo-resf-2020-texte-centre.jpg 600w, https:\/\/hebergeurssolidairesnantes.fr\/blog\/wp-content\/uploads\/2023\/09\/logo-resf-2020-texte-centre-300x104.jpg 300w\" sizes=\"(max-width: 223px) 100vw, 223px\" \/><\/figure>\n<\/div>\n<\/div>\n\n\n\n<div class=\"wp-block-columns is-layout-flex wp-container-core-columns-is-layout-2 wp-block-columns-is-layout-flex\" style=\"margin-top:var(--wp--preset--spacing--30);margin-bottom:var(--wp--preset--spacing--30)\">\n<div class=\"wp-block-column is-vertically-aligned-center is-layout-flow wp-block-column-is-layout-flow\">\n<figure class=\"wp-block-image aligncenter size-large is-resized\"><img loading=\"lazy\" decoding=\"async\" src=\"https:\/\/hebergeurssolidairesnantes.fr\/blog\/wp-content\/uploads\/2023\/09\/logo-medecins-du-monde-1024x576.gif\" alt=\"\" class=\"wp-image-299\" width=\"258\" height=\"145\" srcset=\"https:\/\/hebergeurssolidairesnantes.fr\/blog\/wp-content\/uploads\/2023\/09\/logo-medecins-du-monde-1024x576.gif 1024w, https:\/\/hebergeurssolidairesnantes.fr\/blog\/wp-content\/uploads\/2023\/09\/logo-medecins-du-monde-300x169.gif 300w, https:\/\/hebergeurssolidairesnantes.fr\/blog\/wp-content\/uploads\/2023\/09\/logo-medecins-du-monde-768x432.gif 768w\" sizes=\"(max-width: 258px) 100vw, 258px\" \/><\/figure>\n<\/div>\n\n\n\n<div class=\"wp-block-column is-vertically-aligned-center is-layout-flow wp-block-column-is-layout-flow\">\n<figure class=\"wp-block-image aligncenter size-large is-resized\"><img loading=\"lazy\" decoding=\"async\" src=\"https:\/\/hebergeurssolidairesnantes.fr\/blog\/wp-content\/uploads\/2023\/09\/affiche_benevoles-509e5ad036d645ee982b6783e754ac92-1024x360.jpg\" alt=\"\" class=\"wp-image-300\" width=\"267\" height=\"93\" srcset=\"https:\/\/hebergeurssolidairesnantes.fr\/blog\/wp-content\/uploads\/2023\/09\/affiche_benevoles-509e5ad036d645ee982b6783e754ac92-1024x360.jpg 1024w, https:\/\/hebergeurssolidairesnantes.fr\/blog\/wp-content\/uploads\/2023\/09\/affiche_benevoles-509e5ad036d645ee982b6783e754ac92-300x105.jpg 300w, https:\/\/hebergeurssolidairesnantes.fr\/blog\/wp-content\/uploads\/2023\/09\/affiche_benevoles-509e5ad036d645ee982b6783e754ac92-768x270.jpg 768w, https:\/\/hebergeurssolidairesnantes.fr\/blog\/wp-content\/uploads\/2023\/09\/affiche_benevoles-509e5ad036d645ee982b6783e754ac92-1536x540.jpg 1536w, https:\/\/hebergeurssolidairesnantes.fr\/blog\/wp-content\/uploads\/2023\/09\/affiche_benevoles-509e5ad036d645ee982b6783e754ac92.jpg 1587w\" sizes=\"(max-width: 267px) 100vw, 267px\" \/><\/figure>\n<\/div>\n\n\n\n<div class=\"wp-block-column is-vertically-aligned-center is-layout-flow wp-block-column-is-layout-flow\">\n<figure class=\"wp-block-image aligncenter size-full is-resized\"><img loading=\"lazy\" decoding=\"async\" src=\"https:\/\/hebergeurssolidairesnantes.fr\/blog\/wp-content\/uploads\/2023\/09\/WhatsApp-Image-2021-04-09-at-11.59.49-768x980-1.jpeg\" alt=\"\" class=\"wp-image-356\" width=\"145\" height=\"184\" srcset=\"https:\/\/hebergeurssolidairesnantes.fr\/blog\/wp-content\/uploads\/2023\/09\/WhatsApp-Image-2021-04-09-at-11.59.49-768x980-1.jpeg 768w, https:\/\/hebergeurssolidairesnantes.fr\/blog\/wp-content\/uploads\/2023\/09\/WhatsApp-Image-2021-04-09-at-11.59.49-768x980-1-235x300.jpeg 235w\" sizes=\"(max-width: 145px) 100vw, 145px\" \/><\/figure>\n<\/div>\n<\/div>\n\n\n\n<div style=\"height:23px\" aria-hidden=\"true\" class=\"wp-block-spacer\"><\/div>\n\n\n\n<p style=\"margin-top:var(--wp--preset--spacing--40);margin-right:var(--wp--preset--spacing--40);margin-bottom:var(--wp--preset--spacing--40);margin-left:var(--wp--preset--spacing--40);font-size:clamp(0.984rem, 0.984rem + ((1vw - 0.2rem) * 0.938), 1.5rem);\">Pour plus d&rsquo;informations : <a href=\"https:\/\/doi.org\/10.48649\/asmn.862\" data-type=\"URL\" data-id=\"https:\/\/doi.org\/10.48649\/asmn.862\">La situation des mineur.es non accompagn\u00e9.es en Loire Atlantique depuis 2014<\/a><\/p>\n","protected":false},"excerpt":{"rendered":"<p>Parmi les personnes exil\u00e9\u00b7es en Europe, on retrouve de plus en plus de mineur\u00b7es :&nbsp;plus d\u2019un\u00b7e exil\u00e9\u00b7e sur trois en 2016 est un\u00b7e enfant.&nbsp;Parmi ces mineur\u00b7es, certain\u00b7es sont seul\u00b7es, sans leurs parents : les mineur\u00b7es isol\u00e9\u00b7es \u00e9tranger\u00b7es (MIE) ou mineur\u00b7es non accompagn\u00e9\u00b7es (MNA). En France, leur protection&nbsp;se fonde sur celle de l\u2019enfance en danger :&nbsp;elle [&hellip;]<\/p>\n","protected":false},"author":2,"featured_media":0,"parent":0,"menu_order":1,"comment_status":"closed","ping_status":"closed","template":"page-classique","meta":{"footnotes":""},"class_list":["post-40","page","type-page","status-publish","hentry"],"_links":{"self":[{"href":"https:\/\/hebergeurssolidairesnantes.fr\/blog\/wp-json\/wp\/v2\/pages\/40"}],"collection":[{"href":"https:\/\/hebergeurssolidairesnantes.fr\/blog\/wp-json\/wp\/v2\/pages"}],"about":[{"href":"https:\/\/hebergeurssolidairesnantes.fr\/blog\/wp-json\/wp\/v2\/types\/page"}],"author":[{"embeddable":true,"href":"https:\/\/hebergeurssolidairesnantes.fr\/blog\/wp-json\/wp\/v2\/users\/2"}],"replies":[{"embeddable":true,"href":"https:\/\/hebergeurssolidairesnantes.fr\/blog\/wp-json\/wp\/v2\/comments?post=40"}],"version-history":[{"count":17,"href":"https:\/\/hebergeurssolidairesnantes.fr\/blog\/wp-json\/wp\/v2\/pages\/40\/revisions"}],"predecessor-version":[{"id":360,"href":"https:\/\/hebergeurssolidairesnantes.fr\/blog\/wp-json\/wp\/v2\/pages\/40\/revisions\/360"}],"wp:attachment":[{"href":"https:\/\/hebergeurssolidairesnantes.fr\/blog\/wp-json\/wp\/v2\/media?parent=40"}],"curies":[{"name":"wp","href":"https:\/\/api.w.org\/{rel}","templated":true}]}}