{"id":276,"date":"2023-09-20T12:26:01","date_gmt":"2023-09-20T12:26:01","guid":{"rendered":"https:\/\/hebergeurssolidairesnantes.fr\/blog\/?page_id=276"},"modified":"2023-09-20T12:27:55","modified_gmt":"2023-09-20T12:27:55","slug":"temoignages","status":"publish","type":"page","link":"https:\/\/hebergeurssolidairesnantes.fr\/blog\/accueillir\/temoignages\/","title":{"rendered":"T\u00e9moignages"},"content":{"rendered":"\n<h4 class=\"wp-block-heading\">T\u00e9moignages de jeunes h\u00e9berg\u00e9.es<\/h4>\n\n\n\n<p><\/p>\n\n\n\n<h4 class=\"wp-block-heading\">T\u00e9moignages d&rsquo;h\u00e9bergeur.ses<\/h4>\n\n\n\n<hr class=\"wp-block-separator has-css-opacity is-style-default\" \/>\n\n\n\n<figure class=\"wp-block-image aligncenter size-large is-resized is-style-rounded\"><img loading=\"lazy\" decoding=\"async\" src=\"https:\/\/s.w.org\/images\/core\/5.8\/portrait.jpg\" alt=\"A side profile of a woman in a russet-colored turtleneck and white bag. She looks up with her eyes closed.\" width=\"150\" height=\"150\" \/><\/figure>\n\n\n\n<blockquote class=\"wp-block-quote has-text-align-center is-style-large is-layout-flow wp-block-quote-is-layout-flow\">\n<p>\u00ab\u00a0Contribuer \u00e0 ce projet me permet de me sentir utile au quotidien\u00a0\u00bb<\/p>\n<cite>\u2014 Anna Wong, <em>Volontaire<\/em><\/cite><\/blockquote>\n\n\n\n<hr class=\"wp-block-separator has-css-opacity is-style-default\" \/>\n","protected":false},"excerpt":{"rendered":"<p>T\u00e9moignages de jeunes h\u00e9berg\u00e9.es T\u00e9moignages d&rsquo;h\u00e9bergeur.ses \u00ab\u00a0Contribuer \u00e0 ce projet me permet de me sentir utile au quotidien\u00a0\u00bb \u2014 Anna Wong, Volontaire<\/p>\n","protected":false},"author":2,"featured_media":0,"parent":76,"menu_order":3,"comment_status":"closed","ping_status":"closed","template":"page-classique","meta":{"footnotes":""},"class_list":["post-276","page","type-page","status-publish","hentry"],"_links":{"self":[{"href":"https:\/\/hebergeurssolidairesnantes.fr\/blog\/wp-json\/wp\/v2\/pages\/276"}],"collection":[{"href":"https:\/\/hebergeurssolidairesnantes.fr\/blog\/wp-json\/wp\/v2\/pages"}],"about":[{"href":"https:\/\/hebergeurssolidairesnantes.fr\/blog\/wp-json\/wp\/v2\/types\/page"}],"author":[{"embeddable":true,"href":"https:\/\/hebergeurssolidairesnantes.fr\/blog\/wp-json\/wp\/v2\/users\/2"}],"replies":[{"embeddable":true,"href":"https:\/\/hebergeurssolidairesnantes.fr\/blog\/wp-json\/wp\/v2\/comments?post=276"}],"version-history":[{"count":3,"href":"https:\/\/hebergeurssolidairesnantes.fr\/blog\/wp-json\/wp\/v2\/pages\/276\/revisions"}],"predecessor-version":[{"id":280,"href":"https:\/\/hebergeurssolidairesnantes.fr\/blog\/wp-json\/wp\/v2\/pages\/276\/revisions\/280"}],"up":[{"embeddable":true,"href":"https:\/\/hebergeurssolidairesnantes.fr\/blog\/wp-json\/wp\/v2\/pages\/76"}],"wp:attachment":[{"href":"https:\/\/hebergeurssolidairesnantes.fr\/blog\/wp-json\/wp\/v2\/media?parent=276"}],"curies":[{"name":"wp","href":"https:\/\/api.w.org\/{rel}","templated":true}]}}