{"id":165,"date":"2023-09-19T11:03:39","date_gmt":"2023-09-19T11:03:39","guid":{"rendered":"https:\/\/hebergeurssolidairesnantes.fr\/blog\/?page_id=165"},"modified":"2023-09-19T16:19:44","modified_gmt":"2023-09-19T16:19:44","slug":"nos-actualites","status":"publish","type":"page","link":"https:\/\/hebergeurssolidairesnantes.fr\/blog\/nos-actualites\/","title":{"rendered":"Nos actualit\u00e9s"},"content":{"rendered":"\n<div class=\"wp-block-query is-layout-flow wp-block-query-is-layout-flow\"><ul class=\"wp-block-post-template is-layout-flow wp-block-post-template-is-layout-flow\"><li class=\"wp-block-post post-170 post type-post status-publish format-standard has-post-thumbnail hentry category-uncategorized\">\n\n<div class=\"wp-block-columns are-vertically-aligned-center is-layout-flex wp-container-core-columns-is-layout-1 wp-block-columns-is-layout-flex\" style=\"padding-top:var(--wp--preset--spacing--30);padding-right:var(--wp--preset--spacing--30);padding-bottom:var(--wp--preset--spacing--30);padding-left:var(--wp--preset--spacing--30)\">\n<div class=\"wp-block-column is-vertically-aligned-center is-layout-flow wp-block-column-is-layout-flow\" style=\"flex-basis:25%\"><figure class=\"wp-block-post-featured-image\"><a href=\"https:\/\/hebergeurssolidairesnantes.fr\/blog\/blog\/2023\/09\/19\/cine-debat-sur-le-theme-de-la-migration-au-cinema-bonne-garde\/\" target=\"_self\"  ><img loading=\"lazy\" decoding=\"async\" width=\"1920\" height=\"2560\" src=\"https:\/\/hebergeurssolidairesnantes.fr\/blog\/wp-content\/uploads\/2023\/09\/tilo-koto-scaled-1.jpeg\" class=\"attachment-post-thumbnail size-post-thumbnail wp-post-image\" alt=\"\u00ab\u00a0Tilo Koto\u00a0\u00bb Cin\u00e9-d\u00e9bat au Cin\u00e9ma Bonne-Garde\" style=\"object-fit:cover;\" srcset=\"https:\/\/hebergeurssolidairesnantes.fr\/blog\/wp-content\/uploads\/2023\/09\/tilo-koto-scaled-1.jpeg 1920w, https:\/\/hebergeurssolidairesnantes.fr\/blog\/wp-content\/uploads\/2023\/09\/tilo-koto-scaled-1-225x300.jpeg 225w, https:\/\/hebergeurssolidairesnantes.fr\/blog\/wp-content\/uploads\/2023\/09\/tilo-koto-scaled-1-768x1024.jpeg 768w, https:\/\/hebergeurssolidairesnantes.fr\/blog\/wp-content\/uploads\/2023\/09\/tilo-koto-scaled-1-1152x1536.jpeg 1152w, https:\/\/hebergeurssolidairesnantes.fr\/blog\/wp-content\/uploads\/2023\/09\/tilo-koto-scaled-1-1536x2048.jpeg 1536w\" sizes=\"(max-width: 1920px) 100vw, 1920px\" \/><\/a><\/figure><\/div>\n\n\n\n<div class=\"wp-block-column is-vertically-aligned-center is-layout-flow wp-block-column-is-layout-flow\" style=\"flex-basis:75%\"><h2 class=\"wp-block-post-title\"><a href=\"https:\/\/hebergeurssolidairesnantes.fr\/blog\/blog\/2023\/09\/19\/cine-debat-sur-le-theme-de-la-migration-au-cinema-bonne-garde\/\" target=\"_self\" >\u00ab\u00a0Tilo Koto\u00a0\u00bb Cin\u00e9-d\u00e9bat au Cin\u00e9ma Bonne-Garde<\/a><\/h2><\/div>\n<\/div>\n\n<\/li><li class=\"wp-block-post post-168 post type-post status-publish format-standard has-post-thumbnail hentry category-uncategorized\">\n\n<div class=\"wp-block-columns are-vertically-aligned-center is-layout-flex wp-container-core-columns-is-layout-2 wp-block-columns-is-layout-flex\" style=\"padding-top:var(--wp--preset--spacing--30);padding-right:var(--wp--preset--spacing--30);padding-bottom:var(--wp--preset--spacing--30);padding-left:var(--wp--preset--spacing--30)\">\n<div class=\"wp-block-column is-vertically-aligned-center is-layout-flow wp-block-column-is-layout-flow\" style=\"flex-basis:25%\"><figure class=\"wp-block-post-featured-image\"><a href=\"https:\/\/hebergeurssolidairesnantes.fr\/blog\/blog\/2023\/09\/19\/le-collectif-des-hebergeur%c2%b7ses-nantais%c2%b7es-se-dote-dun-hello-asso\/\" target=\"_self\"  ><img loading=\"lazy\" decoding=\"async\" width=\"2000\" height=\"526\" src=\"https:\/\/hebergeurssolidairesnantes.fr\/blog\/wp-content\/uploads\/2023\/09\/logo_helloasso.png\" class=\"attachment-post-thumbnail size-post-thumbnail wp-post-image\" alt=\"Le collectif des H\u00e9bergeur\u00b7ses Nantais\u00b7es se dote d&rsquo;un Hello Asso\" style=\"object-fit:cover;\" srcset=\"https:\/\/hebergeurssolidairesnantes.fr\/blog\/wp-content\/uploads\/2023\/09\/logo_helloasso.png 2000w, https:\/\/hebergeurssolidairesnantes.fr\/blog\/wp-content\/uploads\/2023\/09\/logo_helloasso-300x79.png 300w, https:\/\/hebergeurssolidairesnantes.fr\/blog\/wp-content\/uploads\/2023\/09\/logo_helloasso-1024x269.png 1024w, https:\/\/hebergeurssolidairesnantes.fr\/blog\/wp-content\/uploads\/2023\/09\/logo_helloasso-768x202.png 768w, https:\/\/hebergeurssolidairesnantes.fr\/blog\/wp-content\/uploads\/2023\/09\/logo_helloasso-1536x404.png 1536w\" sizes=\"(max-width: 2000px) 100vw, 2000px\" \/><\/a><\/figure><\/div>\n\n\n\n<div class=\"wp-block-column is-vertically-aligned-center is-layout-flow wp-block-column-is-layout-flow\" style=\"flex-basis:75%\"><h2 class=\"wp-block-post-title\"><a href=\"https:\/\/hebergeurssolidairesnantes.fr\/blog\/blog\/2023\/09\/19\/le-collectif-des-hebergeur%c2%b7ses-nantais%c2%b7es-se-dote-dun-hello-asso\/\" target=\"_self\" >Le collectif des H\u00e9bergeur\u00b7ses Nantais\u00b7es se dote d&rsquo;un Hello Asso<\/a><\/h2><\/div>\n<\/div>\n\n<\/li><\/ul><\/div>\n","protected":false},"excerpt":{"rendered":"","protected":false},"author":2,"featured_media":0,"parent":0,"menu_order":5,"comment_status":"closed","ping_status":"closed","template":"page-classique","meta":{"footnotes":""},"class_list":["post-165","page","type-page","status-publish","hentry"],"_links":{"self":[{"href":"https:\/\/hebergeurssolidairesnantes.fr\/blog\/wp-json\/wp\/v2\/pages\/165"}],"collection":[{"href":"https:\/\/hebergeurssolidairesnantes.fr\/blog\/wp-json\/wp\/v2\/pages"}],"about":[{"href":"https:\/\/hebergeurssolidairesnantes.fr\/blog\/wp-json\/wp\/v2\/types\/page"}],"author":[{"embeddable":true,"href":"https:\/\/hebergeurssolidairesnantes.fr\/blog\/wp-json\/wp\/v2\/users\/2"}],"replies":[{"embeddable":true,"href":"https:\/\/hebergeurssolidairesnantes.fr\/blog\/wp-json\/wp\/v2\/comments?post=165"}],"version-history":[{"count":3,"href":"https:\/\/hebergeurssolidairesnantes.fr\/blog\/wp-json\/wp\/v2\/pages\/165\/revisions"}],"predecessor-version":[{"id":264,"href":"https:\/\/hebergeurssolidairesnantes.fr\/blog\/wp-json\/wp\/v2\/pages\/165\/revisions\/264"}],"wp:attachment":[{"href":"https:\/\/hebergeurssolidairesnantes.fr\/blog\/wp-json\/wp\/v2\/media?parent=165"}],"curies":[{"name":"wp","href":"https:\/\/api.w.org\/{rel}","templated":true}]}}