{"id":149,"date":"2023-09-19T10:32:59","date_gmt":"2023-09-19T10:32:59","guid":{"rendered":"https:\/\/hebergeurssolidairesnantes.fr\/blog\/?page_id=149"},"modified":"2023-09-26T16:04:40","modified_gmt":"2023-09-26T16:04:40","slug":"comment-ca-marche","status":"publish","type":"page","link":"https:\/\/hebergeurssolidairesnantes.fr\/blog\/qui-sommes-nous-2\/comment-ca-marche\/","title":{"rendered":"Comment \u00e7a marche ?"},"content":{"rendered":"\n<div style=\"height:32px\" aria-hidden=\"true\" class=\"wp-block-spacer\"><\/div>\n\n\n\n<h2 class=\"wp-block-heading alignwide has-text-align-center\" style=\"margin-top:var(--wp--preset--spacing--30);margin-right:var(--wp--preset--spacing--30);margin-bottom:var(--wp--preset--spacing--30);margin-left:var(--wp--preset--spacing--30)\">Mise en place d\u2019un h\u00e9bergement solidaire temporaire pour un jeune migrant<\/h2>\n\n\n\n<p class=\"has-text-align-center\" style=\"padding-top:var(--wp--preset--spacing--30);padding-right:var(--wp--preset--spacing--30);padding-bottom:var(--wp--preset--spacing--30);padding-left:var(--wp--preset--spacing--30);font-size:clamp(0.984rem, 0.984rem + ((1vw - 0.2rem) * 0.938), 1.5rem);\">Les mineur\u00b7es isol\u00e9\u00b7es que nous accueillons sont souvent orient\u00e9\u00b7es vers nous par d\u2019autres associations nantaises. Nous mettons en place une boucle d\u2019h\u00e9bergement solidaire pour les mettre \u00e0 l\u2019abri le temps de la reconnaissance de leur minorit\u00e9.<\/p>\n\n\n\n<figure class=\"wp-block-image aligncenter\"><img loading=\"lazy\" decoding=\"async\" width=\"800\" height=\"450\" src=\"https:\/\/hebergeurssolidairesnantes.fr\/blog\/wp-content\/uploads\/2023\/09\/ximWoRInZvmFcPz-800x450-noPad_mig3sw.webp\" alt=\"\" class=\"wp-image-233\" srcset=\"https:\/\/hebergeurssolidairesnantes.fr\/blog\/wp-content\/uploads\/2023\/09\/ximWoRInZvmFcPz-800x450-noPad_mig3sw.webp 800w, https:\/\/hebergeurssolidairesnantes.fr\/blog\/wp-content\/uploads\/2023\/09\/ximWoRInZvmFcPz-800x450-noPad_mig3sw-300x169.webp 300w, https:\/\/hebergeurssolidairesnantes.fr\/blog\/wp-content\/uploads\/2023\/09\/ximWoRInZvmFcPz-800x450-noPad_mig3sw-768x432.webp 768w\" sizes=\"(max-width: 800px) 100vw, 800px\" \/><\/figure>\n\n\n\n<p class=\"has-text-align-center\" style=\"padding-top:var(--wp--preset--spacing--30);padding-right:var(--wp--preset--spacing--30);padding-bottom:var(--wp--preset--spacing--30);padding-left:var(--wp--preset--spacing--30);font-size:clamp(0.984rem, 0.984rem + ((1vw - 0.2rem) * 0.938), 1.5rem);\">Les b\u00e9n\u00e9voles de l\u2019association s\u2019organisent ensuite pour trouver des familles d\u2019h\u00e9bergeur\u00b7ses. Chacun peut aider en fonction de ses disponibilit\u00e9s.<\/p>\n\n\n\n<div class=\"wp-block-columns are-vertically-aligned-center is-layout-flex wp-container-core-columns-is-layout-1 wp-block-columns-is-layout-flex\" style=\"margin-top:var(--wp--preset--spacing--30);margin-bottom:var(--wp--preset--spacing--30);padding-top:0;padding-right:0;padding-bottom:0;padding-left:0\">\n<div class=\"wp-block-column is-layout-flow wp-block-column-is-layout-flow\" style=\"padding-top:var(--wp--preset--spacing--30);padding-right:var(--wp--preset--spacing--30);padding-bottom:var(--wp--preset--spacing--30);padding-left:var(--wp--preset--spacing--30)\">\n<figure class=\"wp-block-image aligncenter size-full is-resized\"><img loading=\"lazy\" decoding=\"async\" src=\"https:\/\/hebergeurssolidairesnantes.fr\/blog\/wp-content\/uploads\/2023\/09\/poignee-de-main.png\" alt=\"\" class=\"wp-image-239\" width=\"63\" height=\"63\" srcset=\"https:\/\/hebergeurssolidairesnantes.fr\/blog\/wp-content\/uploads\/2023\/09\/poignee-de-main.png 512w, https:\/\/hebergeurssolidairesnantes.fr\/blog\/wp-content\/uploads\/2023\/09\/poignee-de-main-300x300.png 300w, https:\/\/hebergeurssolidairesnantes.fr\/blog\/wp-content\/uploads\/2023\/09\/poignee-de-main-150x150.png 150w\" sizes=\"(max-width: 63px) 100vw, 63px\" \/><\/figure>\n\n\n\n<h5 class=\"wp-block-heading has-text-align-center\">RENCONTRE AVEC LE JEUNE<\/h5>\n\n\n\n<p class=\"has-text-align-center\" style=\"padding-top:0;padding-right:0;padding-bottom:0;padding-left:0;font-size:clamp(0.984rem, 0.984rem + ((1vw - 0.2rem) * 0.938), 1.5rem);\">Nous rencontrons tout d\u2019abord le jeune pour lui pr\u00e9senter l\u2019association et les modalit\u00e9s de l\u2019accueil au sein des familles. Nous faisons un point sur sa situation pour l\u2019accompagner au mieux dans ses d\u00e9marches.<\/p>\n\n\n\n<figure class=\"wp-block-image aligncenter size-full is-resized\" style=\"padding-top:var(--wp--preset--spacing--30);padding-right:var(--wp--preset--spacing--30);padding-bottom:var(--wp--preset--spacing--30);padding-left:var(--wp--preset--spacing--30);font-size:clamp(0.984rem, 0.984rem + ((1vw - 0.2rem) * 0.938), 1.5rem);\"><img loading=\"lazy\" decoding=\"async\" src=\"https:\/\/hebergeurssolidairesnantes.fr\/blog\/wp-content\/uploads\/2023\/09\/solidarite.png\" alt=\"\" class=\"wp-image-241\" width=\"59\" height=\"59\" srcset=\"https:\/\/hebergeurssolidairesnantes.fr\/blog\/wp-content\/uploads\/2023\/09\/solidarite.png 512w, https:\/\/hebergeurssolidairesnantes.fr\/blog\/wp-content\/uploads\/2023\/09\/solidarite-300x300.png 300w, https:\/\/hebergeurssolidairesnantes.fr\/blog\/wp-content\/uploads\/2023\/09\/solidarite-150x150.png 150w\" sizes=\"(max-width: 59px) 100vw, 59px\" \/><\/figure>\n\n\n\n<h5 class=\"wp-block-heading has-text-align-center\">BOUCLE D\u2019H\u00c9BERGEURS<\/h5>\n\n\n\n<p class=\"has-text-align-center\" style=\"padding-top:0;padding-right:0;padding-bottom:0;padding-left:0;font-size:clamp(0.984rem, 0.984rem + ((1vw - 0.2rem) * 0.938), 1.5rem);\">Les H\u00e9bergeur\u00b7ses Solidaires de Nantes mettent en place une \u00ab\u00a0boucle d\u2019accueil\u00a0\u00bb, compos\u00e9e de plusieurs h\u00e9bergeur\u00b7ses qui se relaieront toutes les 3 semaines pour lui offrir le g\u00eete et le couvert.\u00a0Un planning d\u2019accueil est ensuite \u00e9tabli, il est \u00e9videmment modulable.<\/p>\n<\/div>\n\n\n\n<div class=\"wp-block-column is-layout-flow wp-block-column-is-layout-flow\" style=\"padding-top:var(--wp--preset--spacing--30);padding-right:var(--wp--preset--spacing--30);padding-bottom:var(--wp--preset--spacing--30);padding-left:var(--wp--preset--spacing--30);font-size:clamp(0.984rem, 0.984rem + ((1vw - 0.2rem) * 0.938), 1.5rem);\">\n<figure class=\"wp-block-image aligncenter size-full is-resized\"><img loading=\"lazy\" decoding=\"async\" src=\"https:\/\/hebergeurssolidairesnantes.fr\/blog\/wp-content\/uploads\/2023\/09\/la-diversite.png\" alt=\"\" class=\"wp-image-240\" width=\"60\" height=\"60\" srcset=\"https:\/\/hebergeurssolidairesnantes.fr\/blog\/wp-content\/uploads\/2023\/09\/la-diversite.png 512w, https:\/\/hebergeurssolidairesnantes.fr\/blog\/wp-content\/uploads\/2023\/09\/la-diversite-300x300.png 300w, https:\/\/hebergeurssolidairesnantes.fr\/blog\/wp-content\/uploads\/2023\/09\/la-diversite-150x150.png 150w\" sizes=\"(max-width: 60px) 100vw, 60px\" \/><\/figure>\n\n\n\n<h5 class=\"wp-block-heading has-text-align-center\">ACCOMPAGNEMENT PAR L\u2019ASSO<\/h5>\n\n\n\n<p class=\"has-text-align-center\">Nous maintiendrons un lien, durant toute la dur\u00e9e de l\u2019accueil, entre le\u00b7la jeune et les diff\u00e9rents h\u00e9bergeur\u00b7ses.<br>Nous vous aiderons \u00e0 faire face aux diff\u00e9rentes situations, ainsi que dans l&rsquo;aide que vous pourrez fournir aux jeunes.\u00a0<\/p>\n\n\n\n<div style=\"height:25px\" aria-hidden=\"true\" class=\"wp-block-spacer\"><\/div>\n\n\n\n<figure class=\"wp-block-image aligncenter size-full is-resized\"><img loading=\"lazy\" decoding=\"async\" src=\"https:\/\/hebergeurssolidairesnantes.fr\/blog\/wp-content\/uploads\/2023\/09\/des-sports.png\" alt=\"\" class=\"wp-image-243\" width=\"60\" height=\"60\" srcset=\"https:\/\/hebergeurssolidairesnantes.fr\/blog\/wp-content\/uploads\/2023\/09\/des-sports.png 512w, https:\/\/hebergeurssolidairesnantes.fr\/blog\/wp-content\/uploads\/2023\/09\/des-sports-300x300.png 300w, https:\/\/hebergeurssolidairesnantes.fr\/blog\/wp-content\/uploads\/2023\/09\/des-sports-150x150.png 150w\" sizes=\"(max-width: 60px) 100vw, 60px\" \/><\/figure>\n\n\n\n<h5 class=\"wp-block-heading has-text-align-center\">SORTIES CULTURELLES &amp; SPORTIVES<\/h5>\n\n\n\n<p class=\"has-text-align-center\">Des sorties culturelles et sportives sont propos\u00e9es \u00e0 l\u2019ensemble des jeunes accueillis par d&rsquo;autres associations : \u00e9cole, activit\u00e9s en journ\u00e9e, sorties occasionnelles, etc.<br>Des rencontres entre h\u00e9bergeur\u00b7ses sont \u00e9galement pr\u00e9vues afin de partager les exp\u00e9riences.<\/p>\n<\/div>\n<\/div>\n","protected":false},"excerpt":{"rendered":"<p>Mise en place d\u2019un h\u00e9bergement solidaire temporaire pour un jeune migrant Les mineur\u00b7es isol\u00e9\u00b7es que nous accueillons sont souvent orient\u00e9\u00b7es vers nous par d\u2019autres associations nantaises. Nous mettons en place une boucle d\u2019h\u00e9bergement solidaire pour les mettre \u00e0 l\u2019abri le temps de la reconnaissance de leur minorit\u00e9. Les b\u00e9n\u00e9voles de l\u2019association s\u2019organisent ensuite pour trouver [&hellip;]<\/p>\n","protected":false},"author":2,"featured_media":0,"parent":146,"menu_order":2,"comment_status":"closed","ping_status":"closed","template":"page-classique","meta":{"footnotes":""},"class_list":["post-149","page","type-page","status-publish","hentry"],"_links":{"self":[{"href":"https:\/\/hebergeurssolidairesnantes.fr\/blog\/wp-json\/wp\/v2\/pages\/149"}],"collection":[{"href":"https:\/\/hebergeurssolidairesnantes.fr\/blog\/wp-json\/wp\/v2\/pages"}],"about":[{"href":"https:\/\/hebergeurssolidairesnantes.fr\/blog\/wp-json\/wp\/v2\/types\/page"}],"author":[{"embeddable":true,"href":"https:\/\/hebergeurssolidairesnantes.fr\/blog\/wp-json\/wp\/v2\/users\/2"}],"replies":[{"embeddable":true,"href":"https:\/\/hebergeurssolidairesnantes.fr\/blog\/wp-json\/wp\/v2\/comments?post=149"}],"version-history":[{"count":14,"href":"https:\/\/hebergeurssolidairesnantes.fr\/blog\/wp-json\/wp\/v2\/pages\/149\/revisions"}],"predecessor-version":[{"id":397,"href":"https:\/\/hebergeurssolidairesnantes.fr\/blog\/wp-json\/wp\/v2\/pages\/149\/revisions\/397"}],"up":[{"embeddable":true,"href":"https:\/\/hebergeurssolidairesnantes.fr\/blog\/wp-json\/wp\/v2\/pages\/146"}],"wp:attachment":[{"href":"https:\/\/hebergeurssolidairesnantes.fr\/blog\/wp-json\/wp\/v2\/media?parent=149"}],"curies":[{"name":"wp","href":"https:\/\/api.w.org\/{rel}","templated":true}]}}